{"id":292,"date":"2025-04-24T12:33:04","date_gmt":"2025-04-24T12:33:04","guid":{"rendered":"https:\/\/rvd-webdesignonderhoud.nl\/?page_id=292"},"modified":"2025-04-24T12:42:15","modified_gmt":"2025-04-24T12:42:15","slug":"politica-de-cookies","status":"publish","type":"page","link":"https:\/\/getugastro.com.br\/en\/politica-de-cookies\/","title":{"rendered":"Cookie Policy"},"content":{"rendered":"<div data-elementor-type=\"wp-page\" data-elementor-id=\"292\" class=\"elementor elementor-292\" data-elementor-post-type=\"page\">\n\t\t\t\t<div class=\"elementor-element elementor-element-3e30e64 e-flex e-con-boxed e-con e-parent\" data-id=\"3e30e64\" data-element_type=\"container\" data-e-type=\"container\">\n\t\t\t\t\t<div class=\"e-con-inner\">\n\t\t<div class=\"elementor-element elementor-element-c03718b e-con-full e-flex e-con e-child\" data-id=\"c03718b\" data-element_type=\"container\" data-e-type=\"container\">\n\t\t\t\t<div class=\"elementor-element elementor-element-16f32ecd elementor-widget elementor-widget-heading\" data-id=\"16f32ecd\" data-element_type=\"widget\" data-e-type=\"widget\" data-widget_type=\"heading.default\">\n\t\t\t\t<div class=\"elementor-widget-container\">\n\t\t\t\t\t<h2 class=\"elementor-heading-title elementor-size-default\">Cookie Policy \u2014 Getu Gastro LTDA<\/h2>\t\t\t\t<\/div>\n\t\t\t\t<\/div>\n\t\t\t\t<div class=\"elementor-element elementor-element-54ce119 elementor-widget elementor-widget-text-editor\" data-id=\"54ce119\" data-element_type=\"widget\" data-e-type=\"widget\" data-widget_type=\"text-editor.default\">\n\t\t\t\t<div class=\"elementor-widget-container\">\n\t\t\t\t\t\t\t\t\t<p>This Cookie Policy explains how Getu Gastro LTDA uses cookies and similar technologies on its website, in accordance with the <strong>General Data Protection Law (LGPD \u2013 Law No. 13.709\/2018)<\/strong>.<\/p>\t\t\t\t\t\t\t\t<\/div>\n\t\t\t\t<\/div>\n\t\t\t\t<\/div>\n\t\t<div class=\"elementor-element elementor-element-3bd085d e-con-full e-flex e-con e-child\" data-id=\"3bd085d\" data-element_type=\"container\" data-e-type=\"container\">\n\t\t\t\t<div class=\"elementor-element elementor-element-0aac289 elementor-widget elementor-widget-heading\" data-id=\"0aac289\" data-element_type=\"widget\" data-e-type=\"widget\" data-widget_type=\"heading.default\">\n\t\t\t\t<div class=\"elementor-widget-container\">\n\t\t\t\t\t<h2 class=\"elementor-heading-title elementor-size-default\">1. What are cookies?<\/h2>\t\t\t\t<\/div>\n\t\t\t\t<\/div>\n\t\t\t\t<div class=\"elementor-element elementor-element-219f922 elementor-widget elementor-widget-text-editor\" data-id=\"219f922\" data-element_type=\"widget\" data-e-type=\"widget\" data-widget_type=\"text-editor.default\">\n\t\t\t\t<div class=\"elementor-widget-container\">\n\t\t\t\t\t\t\t\t\t<p>This Cookie Policy explains how Getu Gastro LTDA uses cookies and similar technologies on its website, in accordance with the <strong>General Data Protection Law (LGPD \u2013 Law No. 13.709\/2018)<\/strong>.<\/p>\t\t\t\t\t\t\t\t<\/div>\n\t\t\t\t<\/div>\n\t\t\t\t<\/div>\n\t\t<div class=\"elementor-element elementor-element-4ed2ed1 e-con-full e-flex e-con e-child\" data-id=\"4ed2ed1\" data-element_type=\"container\" data-e-type=\"container\">\n\t\t\t\t<div class=\"elementor-element elementor-element-b3267c2 elementor-widget elementor-widget-heading\" data-id=\"b3267c2\" data-element_type=\"widget\" data-e-type=\"widget\" data-widget_type=\"heading.default\">\n\t\t\t\t<div class=\"elementor-widget-container\">\n\t\t\t\t\t<h2 class=\"elementor-heading-title elementor-size-default\">2. What types of cookies do we use?<\/h2>\t\t\t\t<\/div>\n\t\t\t\t<\/div>\n\t\t\t\t<div class=\"elementor-element elementor-element-1117e0b elementor-widget elementor-widget-heading\" data-id=\"1117e0b\" data-element_type=\"widget\" data-e-type=\"widget\" data-widget_type=\"heading.default\">\n\t\t\t\t<div class=\"elementor-widget-container\">\n\t\t\t\t\t<h2 class=\"elementor-heading-title elementor-size-default\">Strictly Necessary Cookies<\/h2>\t\t\t\t<\/div>\n\t\t\t\t<\/div>\n\t\t\t\t<div class=\"elementor-element elementor-element-a1764eb elementor-widget elementor-widget-text-editor\" data-id=\"a1764eb\" data-element_type=\"widget\" data-e-type=\"widget\" data-widget_type=\"text-editor.default\">\n\t\t\t\t<div class=\"elementor-widget-container\">\n\t\t\t\t\t\t\t\t\t<p>These cookies are essential for the basic functionality of the site and cannot be disabled. They are typically set in response to actions you take, such as filling out forms.<\/p>\t\t\t\t\t\t\t\t<\/div>\n\t\t\t\t<\/div>\n\t\t\t\t<div class=\"elementor-element elementor-element-80a9e13 elementor-widget elementor-widget-heading\" data-id=\"80a9e13\" data-element_type=\"widget\" data-e-type=\"widget\" data-widget_type=\"heading.default\">\n\t\t\t\t<div class=\"elementor-widget-container\">\n\t\t\t\t\t<h2 class=\"elementor-heading-title elementor-size-default\">Performance and Analytics Cookies<\/h2>\t\t\t\t<\/div>\n\t\t\t\t<\/div>\n\t\t\t\t<div class=\"elementor-element elementor-element-dd4d5a5 elementor-widget elementor-widget-text-editor\" data-id=\"dd4d5a5\" data-element_type=\"widget\" data-e-type=\"widget\" data-widget_type=\"text-editor.default\">\n\t\t\t\t<div class=\"elementor-widget-container\">\n\t\t\t\t\t\t\t\t\t<p>\u00a0We use third-party cookies (such as Google Analytics) to understand how visitors use our site. The information is anonymous and helps us improve the functionality and performance of the page.<\/p><p>Examples: pages visited, time spent on the site, clicks.<\/p>\t\t\t\t\t\t\t\t<\/div>\n\t\t\t\t<\/div>\n\t\t\t\t<div class=\"elementor-element elementor-element-9c8e2bc elementor-widget elementor-widget-heading\" data-id=\"9c8e2bc\" data-element_type=\"widget\" data-e-type=\"widget\" data-widget_type=\"heading.default\">\n\t\t\t\t<div class=\"elementor-widget-container\">\n\t\t\t\t\t<h2 class=\"elementor-heading-title elementor-size-default\">Functional Cookies<\/h2>\t\t\t\t<\/div>\n\t\t\t\t<\/div>\n\t\t\t\t<div class=\"elementor-element elementor-element-2b6788f elementor-widget elementor-widget-text-editor\" data-id=\"2b6788f\" data-element_type=\"widget\" data-e-type=\"widget\" data-widget_type=\"text-editor.default\">\n\t\t\t\t<div class=\"elementor-widget-container\">\n\t\t\t\t\t\t\t\t\t<p>These cookies allow the site to remember your preferences (such as language), providing a more personalized experience.<\/p>\t\t\t\t\t\t\t\t<\/div>\n\t\t\t\t<\/div>\n\t\t\t\t<\/div>\n\t\t<div class=\"elementor-element elementor-element-c8e5304 e-con-full e-flex e-con e-child\" data-id=\"c8e5304\" data-element_type=\"container\" data-e-type=\"container\">\n\t\t\t\t<div class=\"elementor-element elementor-element-d1ba2a3 elementor-widget elementor-widget-heading\" data-id=\"d1ba2a3\" data-element_type=\"widget\" data-e-type=\"widget\" data-widget_type=\"heading.default\">\n\t\t\t\t<div class=\"elementor-widget-container\">\n\t\t\t\t\t<h2 class=\"elementor-heading-title elementor-size-default\">3. Consent for Cookie Use<\/h2>\t\t\t\t<\/div>\n\t\t\t\t<\/div>\n\t\t\t\t<div class=\"elementor-element elementor-element-4dd164a elementor-widget elementor-widget-text-editor\" data-id=\"4dd164a\" data-element_type=\"widget\" data-e-type=\"widget\" data-widget_type=\"text-editor.default\">\n\t\t\t\t<div class=\"elementor-widget-container\">\n\t\t\t\t\t\t\t\t\t<p>When you first access our website, we display a cookie banner. In it, you can:<\/p><ul><li>Accept all cookies<\/li><li>Allow only essential cookies<\/li><li>Adjust your preferences<\/li><\/ul><p>You can change your preferences at any time in the cookie settings at the bottom of the site.<\/p>\t\t\t\t\t\t\t\t<\/div>\n\t\t\t\t<\/div>\n\t\t\t\t<\/div>\n\t\t<div class=\"elementor-element elementor-element-3a38c25 e-con-full e-flex e-con e-child\" data-id=\"3a38c25\" data-element_type=\"container\" data-e-type=\"container\">\n\t\t\t\t<div class=\"elementor-element elementor-element-0e08399 elementor-widget elementor-widget-heading\" data-id=\"0e08399\" data-element_type=\"widget\" data-e-type=\"widget\" data-widget_type=\"heading.default\">\n\t\t\t\t<div class=\"elementor-widget-container\">\n\t\t\t\t\t<h2 class=\"elementor-heading-title elementor-size-default\">4. How to Manage or Disable Cookies<\/h2>\t\t\t\t<\/div>\n\t\t\t\t<\/div>\n\t\t\t\t<div class=\"elementor-element elementor-element-f59af38 elementor-widget elementor-widget-text-editor\" data-id=\"f59af38\" data-element_type=\"widget\" data-e-type=\"widget\" data-widget_type=\"text-editor.default\">\n\t\t\t\t<div class=\"elementor-widget-container\">\n\t\t\t\t\t\t\t\t\t<p>Most browsers automatically accept cookies. However, you can configure your browser to refuse or delete cookies. Keep in mind that this may affect the functionality of the site.\n\nFor more details on how to adjust cookie settings, you can refer to your browser's help section.<\/p>\t\t\t\t\t\t\t\t<\/div>\n\t\t\t\t<\/div>\n\t\t\t\t<\/div>\n\t\t<div class=\"elementor-element elementor-element-f3ad8bc e-con-full e-flex e-con e-child\" data-id=\"f3ad8bc\" data-element_type=\"container\" data-e-type=\"container\">\n\t\t\t\t<div class=\"elementor-element elementor-element-237a1fb elementor-widget elementor-widget-heading\" data-id=\"237a1fb\" data-element_type=\"widget\" data-e-type=\"widget\" data-widget_type=\"heading.default\">\n\t\t\t\t<div class=\"elementor-widget-container\">\n\t\t\t\t\t<h2 class=\"elementor-heading-title elementor-size-default\">5. Contact<\/h2>\t\t\t\t<\/div>\n\t\t\t\t<\/div>\n\t\t\t\t<div class=\"elementor-element elementor-element-373c2dc elementor-widget elementor-widget-text-editor\" data-id=\"373c2dc\" data-element_type=\"widget\" data-e-type=\"widget\" data-widget_type=\"text-editor.default\">\n\t\t\t\t<div class=\"elementor-widget-container\">\n\t\t\t\t\t\t\t\t\t<p>If you have any questions about this Cookie Policy or the use of cookies on our website, please contact us:<\/p><p>\ud83d\udce7 <strong>dan@getugastro.com.br<\/strong><\/p>\t\t\t\t\t\t\t\t<\/div>\n\t\t\t\t<\/div>\n\t\t\t\t<\/div>\n\t\t<div class=\"elementor-element elementor-element-33fafd1 e-con-full e-flex e-con e-child\" data-id=\"33fafd1\" data-element_type=\"container\" data-e-type=\"container\">\n\t\t\t\t<div class=\"elementor-element elementor-element-299d195 elementor-widget elementor-widget-text-editor\" data-id=\"299d195\" data-element_type=\"widget\" data-e-type=\"widget\" data-widget_type=\"text-editor.default\">\n\t\t\t\t<div class=\"elementor-widget-container\">\n\t\t\t\t\t\t\t\t\t<p><strong>Last update:<\/strong> March 29, 2025<\/p>\t\t\t\t\t\t\t\t<\/div>\n\t\t\t\t<\/div>\n\t\t\t\t<\/div>\n\t\t\t\t\t<\/div>\n\t\t\t\t<\/div>\n\t\t\t\t<\/div>","protected":false},"excerpt":{"rendered":"<p>Pol\u00edtica de Cookies \u2014 Getu Gastro LTDA Esta Pol\u00edtica de Cookies explica como a Getu Gastro LTDA utiliza cookies e tecnologias semelhantes em seu site, em conformidade com a Lei Geral de Prote\u00e7\u00e3o de Dados Pessoais (LGPD &#8211; Lei n\u00ba 13.709\/2018). 1. O que s\u00e3o cookies? Esta Pol\u00edtica de Cookies explica como a Getu Gastro [&hellip;]<\/p>\n","protected":false},"author":1,"featured_media":0,"parent":0,"menu_order":0,"comment_status":"closed","ping_status":"closed","template":"","meta":{"_joinchat":[],"footnotes":""},"class_list":["post-292","page","type-page","status-publish","hentry"],"yoast_head":"<!-- This site is optimized with the Yoast SEO Premium plugin v26.9 (Yoast SEO v26.9) - https:\/\/yoast.com\/product\/yoast-seo-premium-wordpress\/ -->\n<title>Pol\u00edtica de Cookies - Importa\u00e7\u00e3o de Marcas Europeias para o Brasil | Getu Gastro<\/title>\n<meta name=\"robots\" content=\"index, follow, max-snippet:-1, max-image-preview:large, max-video-preview:-1\" \/>\n<link rel=\"canonical\" href=\"https:\/\/getugastro.com.br\/en\/politica-de-cookies\/\" \/>\n<meta property=\"og:locale\" content=\"en_GB\" \/>\n<meta property=\"og:type\" content=\"article\" \/>\n<meta property=\"og:title\" content=\"Pol\u00edtica de Cookies\" \/>\n<meta property=\"og:description\" content=\"Pol\u00edtica de Cookies \u2014 Getu Gastro LTDA Esta Pol\u00edtica de Cookies explica como a Getu Gastro LTDA utiliza cookies e tecnologias semelhantes em seu site, em conformidade com a Lei Geral de Prote\u00e7\u00e3o de Dados Pessoais (LGPD &#8211; Lei n\u00ba 13.709\/2018). 1. O que s\u00e3o cookies? Esta Pol\u00edtica de Cookies explica como a Getu Gastro [&hellip;]\" \/>\n<meta property=\"og:url\" content=\"https:\/\/getugastro.com.br\/en\/politica-de-cookies\/\" \/>\n<meta property=\"og:site_name\" content=\"Importa\u00e7\u00e3o de Marcas Europeias para o Brasil | Getu Gastro\" \/>\n<meta property=\"article:modified_time\" content=\"2025-04-24T12:42:15+00:00\" \/>\n<meta name=\"twitter:card\" content=\"summary_large_image\" \/>\n<meta name=\"twitter:label1\" content=\"Estimated reading time\" \/>\n\t<meta name=\"twitter:data1\" content=\"2 minutes\" \/>\n<script type=\"application\/ld+json\" class=\"yoast-schema-graph\">{\"@context\":\"https:\/\/schema.org\",\"@graph\":[{\"@type\":\"WebPage\",\"@id\":\"https:\/\/getugastro.com.br\/politica-de-cookies\/\",\"url\":\"https:\/\/getugastro.com.br\/politica-de-cookies\/\",\"name\":\"Pol\u00edtica de Cookies - Importa\u00e7\u00e3o de Marcas Europeias para o Brasil | Getu Gastro\",\"isPartOf\":{\"@id\":\"https:\/\/getugastro.com.br\/#website\"},\"datePublished\":\"2025-04-24T12:33:04+00:00\",\"dateModified\":\"2025-04-24T12:42:15+00:00\",\"breadcrumb\":{\"@id\":\"https:\/\/getugastro.com.br\/politica-de-cookies\/#breadcrumb\"},\"inLanguage\":\"en-GB\",\"potentialAction\":[{\"@type\":\"ReadAction\",\"target\":[\"https:\/\/getugastro.com.br\/politica-de-cookies\/\"]}]},{\"@type\":\"BreadcrumbList\",\"@id\":\"https:\/\/getugastro.com.br\/politica-de-cookies\/#breadcrumb\",\"itemListElement\":[{\"@type\":\"ListItem\",\"position\":1,\"name\":\"Home\",\"item\":\"https:\/\/getugastro.com.br\/\"},{\"@type\":\"ListItem\",\"position\":2,\"name\":\"Pol\u00edtica de Cookies\"}]},{\"@type\":\"WebSite\",\"@id\":\"https:\/\/getugastro.com.br\/#website\",\"url\":\"https:\/\/getugastro.com.br\/\",\"name\":\"Importa\u00e7\u00e3o de Marcas Europeias para o Brasil | Getu Gastro\",\"description\":\"A Getu Gastro conecta marcas europeias ao mercado B2B brasileiro. Cuidamos da importa\u00e7\u00e3o, log\u00edstica e distribui\u00e7\u00e3o de produtos exclusivos sem burocracia.\",\"publisher\":{\"@id\":\"https:\/\/getugastro.com.br\/#organization\"},\"potentialAction\":[{\"@type\":\"SearchAction\",\"target\":{\"@type\":\"EntryPoint\",\"urlTemplate\":\"https:\/\/getugastro.com.br\/?s={search_term_string}\"},\"query-input\":{\"@type\":\"PropertyValueSpecification\",\"valueRequired\":true,\"valueName\":\"search_term_string\"}}],\"inLanguage\":\"en-GB\"},{\"@type\":\"Organization\",\"@id\":\"https:\/\/getugastro.com.br\/#organization\",\"name\":\"Importa\u00e7\u00e3o de Marcas Europeias para o Brasil | Getu Gastro\",\"url\":\"https:\/\/getugastro.com.br\/\",\"logo\":{\"@type\":\"ImageObject\",\"inLanguage\":\"en-GB\",\"@id\":\"https:\/\/getugastro.com.br\/#\/schema\/logo\/image\/\",\"url\":\"https:\/\/getugastro.com.br\/wp-content\/uploads\/2025\/04\/getu-logo-black.webp\",\"contentUrl\":\"https:\/\/getugastro.com.br\/wp-content\/uploads\/2025\/04\/getu-logo-black.webp\",\"width\":800,\"height\":200,\"caption\":\"Importa\u00e7\u00e3o de Marcas Europeias para o Brasil | Getu Gastro\"},\"image\":{\"@id\":\"https:\/\/getugastro.com.br\/#\/schema\/logo\/image\/\"},\"sameAs\":[\"https:\/\/www.linkedin.com\/company\/getu-gastro-ltda\/\",\"https:\/\/www.instagram.com\/getugastro.ltda\"]}]}<\/script>\n<!-- \/ Yoast SEO Premium plugin. -->","yoast_head_json":{"title":"Pol\u00edtica de Cookies - Importa\u00e7\u00e3o de Marcas Europeias para o Brasil | Getu Gastro","robots":{"index":"index","follow":"follow","max-snippet":"max-snippet:-1","max-image-preview":"max-image-preview:large","max-video-preview":"max-video-preview:-1"},"canonical":"https:\/\/getugastro.com.br\/en\/politica-de-cookies\/","og_locale":"en_GB","og_type":"article","og_title":"Pol\u00edtica de Cookies","og_description":"Pol\u00edtica de Cookies \u2014 Getu Gastro LTDA Esta Pol\u00edtica de Cookies explica como a Getu Gastro LTDA utiliza cookies e tecnologias semelhantes em seu site, em conformidade com a Lei Geral de Prote\u00e7\u00e3o de Dados Pessoais (LGPD &#8211; Lei n\u00ba 13.709\/2018). 1. O que s\u00e3o cookies? Esta Pol\u00edtica de Cookies explica como a Getu Gastro [&hellip;]","og_url":"https:\/\/getugastro.com.br\/en\/politica-de-cookies\/","og_site_name":"Importa\u00e7\u00e3o de Marcas Europeias para o Brasil | Getu Gastro","article_modified_time":"2025-04-24T12:42:15+00:00","twitter_card":"summary_large_image","twitter_misc":{"Estimated reading time":"2 minutes"},"schema":{"@context":"https:\/\/schema.org","@graph":[{"@type":"WebPage","@id":"https:\/\/getugastro.com.br\/politica-de-cookies\/","url":"https:\/\/getugastro.com.br\/politica-de-cookies\/","name":"Pol\u00edtica de Cookies - Importa\u00e7\u00e3o de Marcas Europeias para o Brasil | Getu Gastro","isPartOf":{"@id":"https:\/\/getugastro.com.br\/#website"},"datePublished":"2025-04-24T12:33:04+00:00","dateModified":"2025-04-24T12:42:15+00:00","breadcrumb":{"@id":"https:\/\/getugastro.com.br\/politica-de-cookies\/#breadcrumb"},"inLanguage":"en-GB","potentialAction":[{"@type":"ReadAction","target":["https:\/\/getugastro.com.br\/politica-de-cookies\/"]}]},{"@type":"BreadcrumbList","@id":"https:\/\/getugastro.com.br\/politica-de-cookies\/#breadcrumb","itemListElement":[{"@type":"ListItem","position":1,"name":"Home","item":"https:\/\/getugastro.com.br\/"},{"@type":"ListItem","position":2,"name":"Pol\u00edtica de Cookies"}]},{"@type":"WebSite","@id":"https:\/\/getugastro.com.br\/#website","url":"https:\/\/getugastro.com.br\/","name":"Importa\u00e7\u00e3o de Marcas Europeias para o Brasil | Getu Gastro","description":"A Getu Gastro conecta marcas europeias ao mercado B2B brasileiro. Cuidamos da importa\u00e7\u00e3o, log\u00edstica e distribui\u00e7\u00e3o de produtos exclusivos sem burocracia.","publisher":{"@id":"https:\/\/getugastro.com.br\/#organization"},"potentialAction":[{"@type":"SearchAction","target":{"@type":"EntryPoint","urlTemplate":"https:\/\/getugastro.com.br\/?s={search_term_string}"},"query-input":{"@type":"PropertyValueSpecification","valueRequired":true,"valueName":"search_term_string"}}],"inLanguage":"en-GB"},{"@type":"Organization","@id":"https:\/\/getugastro.com.br\/#organization","name":"Importa\u00e7\u00e3o de Marcas Europeias para o Brasil | Getu Gastro","url":"https:\/\/getugastro.com.br\/","logo":{"@type":"ImageObject","inLanguage":"en-GB","@id":"https:\/\/getugastro.com.br\/#\/schema\/logo\/image\/","url":"https:\/\/getugastro.com.br\/wp-content\/uploads\/2025\/04\/getu-logo-black.webp","contentUrl":"https:\/\/getugastro.com.br\/wp-content\/uploads\/2025\/04\/getu-logo-black.webp","width":800,"height":200,"caption":"Importa\u00e7\u00e3o de Marcas Europeias para o Brasil | Getu Gastro"},"image":{"@id":"https:\/\/getugastro.com.br\/#\/schema\/logo\/image\/"},"sameAs":["https:\/\/www.linkedin.com\/company\/getu-gastro-ltda\/","https:\/\/www.instagram.com\/getugastro.ltda"]}]}},"_links":{"self":[{"href":"https:\/\/getugastro.com.br\/en\/wp-json\/wp\/v2\/pages\/292","targetHints":{"allow":["GET"]}}],"collection":[{"href":"https:\/\/getugastro.com.br\/en\/wp-json\/wp\/v2\/pages"}],"about":[{"href":"https:\/\/getugastro.com.br\/en\/wp-json\/wp\/v2\/types\/page"}],"author":[{"embeddable":true,"href":"https:\/\/getugastro.com.br\/en\/wp-json\/wp\/v2\/users\/1"}],"replies":[{"embeddable":true,"href":"https:\/\/getugastro.com.br\/en\/wp-json\/wp\/v2\/comments?post=292"}],"version-history":[{"count":5,"href":"https:\/\/getugastro.com.br\/en\/wp-json\/wp\/v2\/pages\/292\/revisions"}],"predecessor-version":[{"id":303,"href":"https:\/\/getugastro.com.br\/en\/wp-json\/wp\/v2\/pages\/292\/revisions\/303"}],"wp:attachment":[{"href":"https:\/\/getugastro.com.br\/en\/wp-json\/wp\/v2\/media?parent=292"}],"curies":[{"name":"wp","href":"https:\/\/api.w.org\/{rel}","templated":true}]}}