{"id":298,"date":"2025-04-24T12:41:22","date_gmt":"2025-04-24T12:41:22","guid":{"rendered":"https:\/\/rvd-webdesignonderhoud.nl\/?page_id=298"},"modified":"2025-04-24T12:47:33","modified_gmt":"2025-04-24T12:47:33","slug":"lgpd","status":"publish","type":"page","link":"https:\/\/getugastro.com.br\/en\/lgpd\/","title":{"rendered":"LGPD"},"content":{"rendered":"<div data-elementor-type=\"wp-page\" data-elementor-id=\"298\" class=\"elementor elementor-298\" data-elementor-post-type=\"page\">\n\t\t\t\t<div class=\"elementor-element elementor-element-6285594f e-flex e-con-boxed e-con e-parent\" data-id=\"6285594f\" data-element_type=\"container\" data-e-type=\"container\">\n\t\t\t\t\t<div class=\"e-con-inner\">\n\t\t<div class=\"elementor-element elementor-element-54c30033 e-con-full e-flex e-con e-child\" data-id=\"54c30033\" data-element_type=\"container\" data-e-type=\"container\">\n\t\t\t\t<div class=\"elementor-element elementor-element-47e245af elementor-widget elementor-widget-heading\" data-id=\"47e245af\" data-element_type=\"widget\" data-e-type=\"widget\" data-widget_type=\"heading.default\">\n\t\t\t\t<div class=\"elementor-widget-container\">\n\t\t\t\t\t<h2 class=\"elementor-heading-title elementor-size-default\">Privacy Policy \u2014 Getu Gastro LTDA<\/h2>\t\t\t\t<\/div>\n\t\t\t\t<\/div>\n\t\t\t\t<div class=\"elementor-element elementor-element-2ad65da8 elementor-widget elementor-widget-text-editor\" data-id=\"2ad65da8\" data-element_type=\"widget\" data-e-type=\"widget\" data-widget_type=\"text-editor.default\">\n\t\t\t\t<div class=\"elementor-widget-container\">\n\t\t\t\t\t\t\t\t\t<p>Getu Gastro LTDA, committed to the transparency and security of its users' data, presents this Privacy Policy in accordance with the <strong>General Data Protection Law (Law No. 13.709\/2018 \u2013 LGPD)<\/strong>.<\/p>\t\t\t\t\t\t\t\t<\/div>\n\t\t\t\t<\/div>\n\t\t\t\t<\/div>\n\t\t<div class=\"elementor-element elementor-element-4b2968c7 e-con-full e-flex e-con e-child\" data-id=\"4b2968c7\" data-element_type=\"container\" data-e-type=\"container\">\n\t\t\t\t<div class=\"elementor-element elementor-element-75bc6596 elementor-widget elementor-widget-heading\" data-id=\"75bc6596\" data-element_type=\"widget\" data-e-type=\"widget\" data-widget_type=\"heading.default\">\n\t\t\t\t<div class=\"elementor-widget-container\">\n\t\t\t\t\t<h2 class=\"elementor-heading-title elementor-size-default\">1. Data Controller<\/h2>\t\t\t\t<\/div>\n\t\t\t\t<\/div>\n\t\t\t\t<div class=\"elementor-element elementor-element-6ddc9e9d elementor-widget elementor-widget-text-editor\" data-id=\"6ddc9e9d\" data-element_type=\"widget\" data-e-type=\"widget\" data-widget_type=\"text-editor.default\">\n\t\t\t\t<div class=\"elementor-widget-container\">\n\t\t\t\t\t\t\t\t\t<ul><li><strong>Company:<\/strong> Getu Gastro LTDA<\/li><li><strong>Responsible for Processing (DPO):<\/strong> Dan Getu<\/li><li><strong>Contact email:<\/strong> dan@getugastro.com.br<\/li><\/ul>\t\t\t\t\t\t\t\t<\/div>\n\t\t\t\t<\/div>\n\t\t\t\t<\/div>\n\t\t<div class=\"elementor-element elementor-element-433a6491 e-con-full e-flex e-con e-child\" data-id=\"433a6491\" data-element_type=\"container\" data-e-type=\"container\">\n\t\t\t\t<div class=\"elementor-element elementor-element-2087439f elementor-widget elementor-widget-heading\" data-id=\"2087439f\" data-element_type=\"widget\" data-e-type=\"widget\" data-widget_type=\"heading.default\">\n\t\t\t\t<div class=\"elementor-widget-container\">\n\t\t\t\t\t<h2 class=\"elementor-heading-title elementor-size-default\">2. What data do we collect?<\/h2>\t\t\t\t<\/div>\n\t\t\t\t<\/div>\n\t\t\t\t<div class=\"elementor-element elementor-element-4849e270 elementor-widget elementor-widget-text-editor\" data-id=\"4849e270\" data-element_type=\"widget\" data-e-type=\"widget\" data-widget_type=\"text-editor.default\">\n\t\t\t\t<div class=\"elementor-widget-container\">\n\t\t\t\t\t\t\t\t\t<p>We collect the following personal data provided by users:<\/p><ul><li>Name<\/li><li>Email<\/li><li>Phone<\/li><li>Information submitted via the contact form<\/li><li>Browsing and usage data through cookies (such as Google Analytics)<\/li><\/ul>\t\t\t\t\t\t\t\t<\/div>\n\t\t\t\t<\/div>\n\t\t\t\t<\/div>\n\t\t<div class=\"elementor-element elementor-element-3a0fd5dc e-con-full e-flex e-con e-child\" data-id=\"3a0fd5dc\" data-element_type=\"container\" data-e-type=\"container\">\n\t\t\t\t<div class=\"elementor-element elementor-element-7cc6f259 elementor-widget elementor-widget-heading\" data-id=\"7cc6f259\" data-element_type=\"widget\" data-e-type=\"widget\" data-widget_type=\"heading.default\">\n\t\t\t\t<div class=\"elementor-widget-container\">\n\t\t\t\t\t<h2 class=\"elementor-heading-title elementor-size-default\">3. Purpose of Data Processing<\/h2>\t\t\t\t<\/div>\n\t\t\t\t<\/div>\n\t\t\t\t<div class=\"elementor-element elementor-element-7820691f elementor-widget elementor-widget-text-editor\" data-id=\"7820691f\" data-element_type=\"widget\" data-e-type=\"widget\" data-widget_type=\"text-editor.default\">\n\t\t\t\t<div class=\"elementor-widget-container\">\n\t\t\t\t\t\t\t\t\t<p>The data is collected for the following purposes:<\/p><ul><li>Contacting customers<\/li><li>Processing and managing orders<\/li><li>Improving the browsing experience on the website<\/li><\/ul>\t\t\t\t\t\t\t\t<\/div>\n\t\t\t\t<\/div>\n\t\t\t\t<\/div>\n\t\t<div class=\"elementor-element elementor-element-6de00e32 e-con-full e-flex e-con e-child\" data-id=\"6de00e32\" data-element_type=\"container\" data-e-type=\"container\">\n\t\t\t\t<div class=\"elementor-element elementor-element-96690f0 elementor-widget elementor-widget-heading\" data-id=\"96690f0\" data-element_type=\"widget\" data-e-type=\"widget\" data-widget_type=\"heading.default\">\n\t\t\t\t<div class=\"elementor-widget-container\">\n\t\t\t\t\t<h2 class=\"elementor-heading-title elementor-size-default\">4. Data Sharing<\/h2>\t\t\t\t<\/div>\n\t\t\t\t<\/div>\n\t\t\t\t<div class=\"elementor-element elementor-element-56b79507 elementor-widget elementor-widget-text-editor\" data-id=\"56b79507\" data-element_type=\"widget\" data-e-type=\"widget\" data-widget_type=\"text-editor.default\">\n\t\t\t\t<div class=\"elementor-widget-container\">\n\t\t\t\t\t\t\t\t\t<p>Getu Gastro LTDA <strong>does not share personal data with third parties<\/strong>. All data is used exclusively for internal purposes.<\/p>\t\t\t\t\t\t\t\t<\/div>\n\t\t\t\t<\/div>\n\t\t\t\t<\/div>\n\t\t<div class=\"elementor-element elementor-element-5e9dfc4c e-con-full e-flex e-con e-child\" data-id=\"5e9dfc4c\" data-element_type=\"container\" data-e-type=\"container\">\n\t\t\t\t<div class=\"elementor-element elementor-element-4fbb25e elementor-widget elementor-widget-heading\" data-id=\"4fbb25e\" data-element_type=\"widget\" data-e-type=\"widget\" data-widget_type=\"heading.default\">\n\t\t\t\t<div class=\"elementor-widget-container\">\n\t\t\t\t\t<h2 class=\"elementor-heading-title elementor-size-default\">5. Storage and Security<\/h2>\t\t\t\t<\/div>\n\t\t\t\t<\/div>\n\t\t\t\t<div class=\"elementor-element elementor-element-76fa1c9 elementor-widget elementor-widget-text-editor\" data-id=\"76fa1c9\" data-element_type=\"widget\" data-e-type=\"widget\" data-widget_type=\"text-editor.default\">\n\t\t\t\t<div class=\"elementor-widget-container\">\n\t\t\t\t\t\t\t\t\t<p>All data is stored on servers located <strong>in Brazil<\/strong>. We use appropriate technical and organizational measures to protect the data from unauthorized access, loss, or leakage.<\/p>\t\t\t\t\t\t\t\t<\/div>\n\t\t\t\t<\/div>\n\t\t\t\t<\/div>\n\t\t<div class=\"elementor-element elementor-element-9f05249 e-con-full e-flex e-con e-child\" data-id=\"9f05249\" data-element_type=\"container\" data-e-type=\"container\">\n\t\t\t\t<div class=\"elementor-element elementor-element-bfe092e elementor-widget elementor-widget-heading\" data-id=\"bfe092e\" data-element_type=\"widget\" data-e-type=\"widget\" data-widget_type=\"heading.default\">\n\t\t\t\t<div class=\"elementor-widget-container\">\n\t\t\t\t\t<h2 class=\"elementor-heading-title elementor-size-default\">6. Rights of the Data Subject<\/h2>\t\t\t\t<\/div>\n\t\t\t\t<\/div>\n\t\t\t\t<div class=\"elementor-element elementor-element-9bc8217 elementor-widget elementor-widget-text-editor\" data-id=\"9bc8217\" data-element_type=\"widget\" data-e-type=\"widget\" data-widget_type=\"text-editor.default\">\n\t\t\t\t<div class=\"elementor-widget-container\">\n\t\t\t\t\t\t\t\t\t<p>Under the LGPD, you have the right to:<\/p><ul><li>Confirm the existence of data processing<\/li><li>Access your data<\/li><li>Correct incomplete, inaccurate, or outdated data<\/li><li>Request the deletion of your data<\/li><li>Withdraw consent at any time<\/li><\/ul><p>To exercise your rights, please contact us via <strong>dan@getugastro.com.br<\/strong>.<\/p>\t\t\t\t\t\t\t\t<\/div>\n\t\t\t\t<\/div>\n\t\t\t\t<\/div>\n\t\t<div class=\"elementor-element elementor-element-c1cad90 e-con-full e-flex e-con e-child\" data-id=\"c1cad90\" data-element_type=\"container\" data-e-type=\"container\">\n\t\t\t\t<div class=\"elementor-element elementor-element-46eae2b elementor-widget elementor-widget-heading\" data-id=\"46eae2b\" data-element_type=\"widget\" data-e-type=\"widget\" data-widget_type=\"heading.default\">\n\t\t\t\t<div class=\"elementor-widget-container\">\n\t\t\t\t\t<h2 class=\"elementor-heading-title elementor-size-default\">7. Cookies\n<\/h2>\t\t\t\t<\/div>\n\t\t\t\t<\/div>\n\t\t\t\t<div class=\"elementor-element elementor-element-aed4045 elementor-widget elementor-widget-text-editor\" data-id=\"aed4045\" data-element_type=\"widget\" data-e-type=\"widget\" data-widget_type=\"text-editor.default\">\n\t\t\t\t<div class=\"elementor-widget-container\">\n\t\t\t\t\t\t\t\t\t<p>Our website uses cookies for analytical purposes (Google Analytics) to improve performance and personalize navigation. By continuing to browse, you agree to the use of these cookies.<\/p>\t\t\t\t\t\t\t\t<\/div>\n\t\t\t\t<\/div>\n\t\t\t\t<\/div>\n\t\t<div class=\"elementor-element elementor-element-3e12cc0 e-con-full e-flex e-con e-child\" data-id=\"3e12cc0\" data-element_type=\"container\" data-e-type=\"container\">\n\t\t\t\t<div class=\"elementor-element elementor-element-fb2a1ca elementor-widget elementor-widget-heading\" data-id=\"fb2a1ca\" data-element_type=\"widget\" data-e-type=\"widget\" data-widget_type=\"heading.default\">\n\t\t\t\t<div class=\"elementor-widget-container\">\n\t\t\t\t\t<h2 class=\"elementor-heading-title elementor-size-default\">8. Changes to This Policy\n<\/h2>\t\t\t\t<\/div>\n\t\t\t\t<\/div>\n\t\t\t\t<div class=\"elementor-element elementor-element-7ac4637 elementor-widget elementor-widget-text-editor\" data-id=\"7ac4637\" data-element_type=\"widget\" data-e-type=\"widget\" data-widget_type=\"text-editor.default\">\n\t\t\t\t<div class=\"elementor-widget-container\">\n\t\t\t\t\t\t\t\t\t<p>We may update this policy from time to time. The date of the last update will always be indicated below.<\/p>\t\t\t\t\t\t\t\t<\/div>\n\t\t\t\t<\/div>\n\t\t\t\t<\/div>\n\t\t<div class=\"elementor-element elementor-element-bbb78e3 e-con-full e-flex e-con e-child\" data-id=\"bbb78e3\" data-element_type=\"container\" data-e-type=\"container\">\n\t\t\t\t<div class=\"elementor-element elementor-element-bc2a843 elementor-widget elementor-widget-text-editor\" data-id=\"bc2a843\" data-element_type=\"widget\" data-e-type=\"widget\" data-widget_type=\"text-editor.default\">\n\t\t\t\t<div class=\"elementor-widget-container\">\n\t\t\t\t\t\t\t\t\t<p><strong>Last update:<\/strong> March 29, 2025<\/p>\t\t\t\t\t\t\t\t<\/div>\n\t\t\t\t<\/div>\n\t\t\t\t<\/div>\n\t\t\t\t\t<\/div>\n\t\t\t\t<\/div>\n\t\t\t\t<\/div>","protected":false},"excerpt":{"rendered":"<p>Pol\u00edtica de Privacidade \u2014 Getu Gastro LTDA A Getu Gastro LTDA, comprometida com a transpar\u00eancia e a seguran\u00e7a dos dados dos seus usu\u00e1rios, apresenta esta Pol\u00edtica de Privacidade em conformidade com a Lei Geral de Prote\u00e7\u00e3o de Dados Pessoais (Lei n\u00ba 13.709\/2018 &#8211; LGPD). 1. Controlador de Dados Empresa: Getu Gastro LTDA Respons\u00e1vel pelo Tratamento [&hellip;]<\/p>\n","protected":false},"author":1,"featured_media":0,"parent":0,"menu_order":0,"comment_status":"closed","ping_status":"closed","template":"","meta":{"_joinchat":[],"footnotes":""},"class_list":["post-298","page","type-page","status-publish","hentry"],"yoast_head":"<!-- This site is optimized with the Yoast SEO Premium plugin v26.9 (Yoast SEO v26.9) - https:\/\/yoast.com\/product\/yoast-seo-premium-wordpress\/ -->\n<title>LGPD - Importa\u00e7\u00e3o de Marcas Europeias para o Brasil | Getu Gastro<\/title>\n<meta name=\"robots\" content=\"index, follow, max-snippet:-1, max-image-preview:large, max-video-preview:-1\" \/>\n<link rel=\"canonical\" href=\"https:\/\/getugastro.com.br\/en\/lgpd\/\" \/>\n<meta property=\"og:locale\" content=\"en_GB\" \/>\n<meta property=\"og:type\" content=\"article\" \/>\n<meta property=\"og:title\" content=\"LGPD\" \/>\n<meta property=\"og:description\" content=\"Pol\u00edtica de Privacidade \u2014 Getu Gastro LTDA A Getu Gastro LTDA, comprometida com a transpar\u00eancia e a seguran\u00e7a dos dados dos seus usu\u00e1rios, apresenta esta Pol\u00edtica de Privacidade em conformidade com a Lei Geral de Prote\u00e7\u00e3o de Dados Pessoais (Lei n\u00ba 13.709\/2018 &#8211; LGPD). 1. Controlador de Dados Empresa: Getu Gastro LTDA Respons\u00e1vel pelo Tratamento [&hellip;]\" \/>\n<meta property=\"og:url\" content=\"https:\/\/getugastro.com.br\/en\/lgpd\/\" \/>\n<meta property=\"og:site_name\" content=\"Importa\u00e7\u00e3o de Marcas Europeias para o Brasil | Getu Gastro\" \/>\n<meta property=\"article:modified_time\" content=\"2025-04-24T12:47:33+00:00\" \/>\n<meta name=\"twitter:card\" content=\"summary_large_image\" \/>\n<meta name=\"twitter:label1\" content=\"Estimated reading time\" \/>\n\t<meta name=\"twitter:data1\" content=\"2 minutes\" \/>\n<script type=\"application\/ld+json\" class=\"yoast-schema-graph\">{\"@context\":\"https:\/\/schema.org\",\"@graph\":[{\"@type\":\"WebPage\",\"@id\":\"https:\/\/getugastro.com.br\/lgpd\/\",\"url\":\"https:\/\/getugastro.com.br\/lgpd\/\",\"name\":\"LGPD - Importa\u00e7\u00e3o de Marcas Europeias para o Brasil | Getu Gastro\",\"isPartOf\":{\"@id\":\"https:\/\/getugastro.com.br\/#website\"},\"datePublished\":\"2025-04-24T12:41:22+00:00\",\"dateModified\":\"2025-04-24T12:47:33+00:00\",\"breadcrumb\":{\"@id\":\"https:\/\/getugastro.com.br\/lgpd\/#breadcrumb\"},\"inLanguage\":\"en-GB\",\"potentialAction\":[{\"@type\":\"ReadAction\",\"target\":[\"https:\/\/getugastro.com.br\/lgpd\/\"]}]},{\"@type\":\"BreadcrumbList\",\"@id\":\"https:\/\/getugastro.com.br\/lgpd\/#breadcrumb\",\"itemListElement\":[{\"@type\":\"ListItem\",\"position\":1,\"name\":\"Home\",\"item\":\"https:\/\/getugastro.com.br\/\"},{\"@type\":\"ListItem\",\"position\":2,\"name\":\"LGPD\"}]},{\"@type\":\"WebSite\",\"@id\":\"https:\/\/getugastro.com.br\/#website\",\"url\":\"https:\/\/getugastro.com.br\/\",\"name\":\"Importa\u00e7\u00e3o de Marcas Europeias para o Brasil | Getu Gastro\",\"description\":\"A Getu Gastro conecta marcas europeias ao mercado B2B brasileiro. Cuidamos da importa\u00e7\u00e3o, log\u00edstica e distribui\u00e7\u00e3o de produtos exclusivos sem burocracia.\",\"publisher\":{\"@id\":\"https:\/\/getugastro.com.br\/#organization\"},\"potentialAction\":[{\"@type\":\"SearchAction\",\"target\":{\"@type\":\"EntryPoint\",\"urlTemplate\":\"https:\/\/getugastro.com.br\/?s={search_term_string}\"},\"query-input\":{\"@type\":\"PropertyValueSpecification\",\"valueRequired\":true,\"valueName\":\"search_term_string\"}}],\"inLanguage\":\"en-GB\"},{\"@type\":\"Organization\",\"@id\":\"https:\/\/getugastro.com.br\/#organization\",\"name\":\"Importa\u00e7\u00e3o de Marcas Europeias para o Brasil | Getu Gastro\",\"url\":\"https:\/\/getugastro.com.br\/\",\"logo\":{\"@type\":\"ImageObject\",\"inLanguage\":\"en-GB\",\"@id\":\"https:\/\/getugastro.com.br\/#\/schema\/logo\/image\/\",\"url\":\"https:\/\/getugastro.com.br\/wp-content\/uploads\/2025\/04\/getu-logo-black.webp\",\"contentUrl\":\"https:\/\/getugastro.com.br\/wp-content\/uploads\/2025\/04\/getu-logo-black.webp\",\"width\":800,\"height\":200,\"caption\":\"Importa\u00e7\u00e3o de Marcas Europeias para o Brasil | Getu Gastro\"},\"image\":{\"@id\":\"https:\/\/getugastro.com.br\/#\/schema\/logo\/image\/\"},\"sameAs\":[\"https:\/\/www.linkedin.com\/company\/getu-gastro-ltda\/\",\"https:\/\/www.instagram.com\/getugastro.ltda\"]}]}<\/script>\n<!-- \/ Yoast SEO Premium plugin. -->","yoast_head_json":{"title":"LGPD - Importa\u00e7\u00e3o de Marcas Europeias para o Brasil | Getu Gastro","robots":{"index":"index","follow":"follow","max-snippet":"max-snippet:-1","max-image-preview":"max-image-preview:large","max-video-preview":"max-video-preview:-1"},"canonical":"https:\/\/getugastro.com.br\/en\/lgpd\/","og_locale":"en_GB","og_type":"article","og_title":"LGPD","og_description":"Pol\u00edtica de Privacidade \u2014 Getu Gastro LTDA A Getu Gastro LTDA, comprometida com a transpar\u00eancia e a seguran\u00e7a dos dados dos seus usu\u00e1rios, apresenta esta Pol\u00edtica de Privacidade em conformidade com a Lei Geral de Prote\u00e7\u00e3o de Dados Pessoais (Lei n\u00ba 13.709\/2018 &#8211; LGPD). 1. Controlador de Dados Empresa: Getu Gastro LTDA Respons\u00e1vel pelo Tratamento [&hellip;]","og_url":"https:\/\/getugastro.com.br\/en\/lgpd\/","og_site_name":"Importa\u00e7\u00e3o de Marcas Europeias para o Brasil | Getu Gastro","article_modified_time":"2025-04-24T12:47:33+00:00","twitter_card":"summary_large_image","twitter_misc":{"Estimated reading time":"2 minutes"},"schema":{"@context":"https:\/\/schema.org","@graph":[{"@type":"WebPage","@id":"https:\/\/getugastro.com.br\/lgpd\/","url":"https:\/\/getugastro.com.br\/lgpd\/","name":"LGPD - Importa\u00e7\u00e3o de Marcas Europeias para o Brasil | Getu Gastro","isPartOf":{"@id":"https:\/\/getugastro.com.br\/#website"},"datePublished":"2025-04-24T12:41:22+00:00","dateModified":"2025-04-24T12:47:33+00:00","breadcrumb":{"@id":"https:\/\/getugastro.com.br\/lgpd\/#breadcrumb"},"inLanguage":"en-GB","potentialAction":[{"@type":"ReadAction","target":["https:\/\/getugastro.com.br\/lgpd\/"]}]},{"@type":"BreadcrumbList","@id":"https:\/\/getugastro.com.br\/lgpd\/#breadcrumb","itemListElement":[{"@type":"ListItem","position":1,"name":"Home","item":"https:\/\/getugastro.com.br\/"},{"@type":"ListItem","position":2,"name":"LGPD"}]},{"@type":"WebSite","@id":"https:\/\/getugastro.com.br\/#website","url":"https:\/\/getugastro.com.br\/","name":"Importa\u00e7\u00e3o de Marcas Europeias para o Brasil | Getu Gastro","description":"A Getu Gastro conecta marcas europeias ao mercado B2B brasileiro. Cuidamos da importa\u00e7\u00e3o, log\u00edstica e distribui\u00e7\u00e3o de produtos exclusivos sem burocracia.","publisher":{"@id":"https:\/\/getugastro.com.br\/#organization"},"potentialAction":[{"@type":"SearchAction","target":{"@type":"EntryPoint","urlTemplate":"https:\/\/getugastro.com.br\/?s={search_term_string}"},"query-input":{"@type":"PropertyValueSpecification","valueRequired":true,"valueName":"search_term_string"}}],"inLanguage":"en-GB"},{"@type":"Organization","@id":"https:\/\/getugastro.com.br\/#organization","name":"Importa\u00e7\u00e3o de Marcas Europeias para o Brasil | Getu Gastro","url":"https:\/\/getugastro.com.br\/","logo":{"@type":"ImageObject","inLanguage":"en-GB","@id":"https:\/\/getugastro.com.br\/#\/schema\/logo\/image\/","url":"https:\/\/getugastro.com.br\/wp-content\/uploads\/2025\/04\/getu-logo-black.webp","contentUrl":"https:\/\/getugastro.com.br\/wp-content\/uploads\/2025\/04\/getu-logo-black.webp","width":800,"height":200,"caption":"Importa\u00e7\u00e3o de Marcas Europeias para o Brasil | Getu Gastro"},"image":{"@id":"https:\/\/getugastro.com.br\/#\/schema\/logo\/image\/"},"sameAs":["https:\/\/www.linkedin.com\/company\/getu-gastro-ltda\/","https:\/\/www.instagram.com\/getugastro.ltda"]}]}},"_links":{"self":[{"href":"https:\/\/getugastro.com.br\/en\/wp-json\/wp\/v2\/pages\/298","targetHints":{"allow":["GET"]}}],"collection":[{"href":"https:\/\/getugastro.com.br\/en\/wp-json\/wp\/v2\/pages"}],"about":[{"href":"https:\/\/getugastro.com.br\/en\/wp-json\/wp\/v2\/types\/page"}],"author":[{"embeddable":true,"href":"https:\/\/getugastro.com.br\/en\/wp-json\/wp\/v2\/users\/1"}],"replies":[{"embeddable":true,"href":"https:\/\/getugastro.com.br\/en\/wp-json\/wp\/v2\/comments?post=298"}],"version-history":[{"count":7,"href":"https:\/\/getugastro.com.br\/en\/wp-json\/wp\/v2\/pages\/298\/revisions"}],"predecessor-version":[{"id":310,"href":"https:\/\/getugastro.com.br\/en\/wp-json\/wp\/v2\/pages\/298\/revisions\/310"}],"wp:attachment":[{"href":"https:\/\/getugastro.com.br\/en\/wp-json\/wp\/v2\/media?parent=298"}],"curies":[{"name":"wp","href":"https:\/\/api.w.org\/{rel}","templated":true}]}}