{"id":431,"date":"2025-04-25T15:24:28","date_gmt":"2025-04-25T15:24:28","guid":{"rendered":"https:\/\/getugastro.com.br\/?page_id=431"},"modified":"2026-01-26T20:09:25","modified_gmt":"2026-01-26T20:09:25","slug":"parceiros","status":"publish","type":"page","link":"https:\/\/getugastro.com.br\/en\/parceiros\/","title":{"rendered":"Partners"},"content":{"rendered":"<div data-elementor-type=\"wp-page\" data-elementor-id=\"431\" class=\"elementor elementor-431\" data-elementor-post-type=\"page\">\n\t\t\t\t<div class=\"elementor-element elementor-element-6dd8ff4d e-flex e-con-boxed e-con e-parent\" data-id=\"6dd8ff4d\" data-element_type=\"container\" data-e-type=\"container\" data-settings=\"{&quot;background_background&quot;:&quot;classic&quot;}\">\n\t\t\t\t\t<div class=\"e-con-inner\">\n\t\t<div class=\"elementor-element elementor-element-5b81db7f e-con-full e-flex e-con e-child\" data-id=\"5b81db7f\" data-element_type=\"container\" data-e-type=\"container\">\n\t\t<div class=\"elementor-element elementor-element-430a8677 e-flex e-con-boxed e-con e-child\" data-id=\"430a8677\" data-element_type=\"container\" data-e-type=\"container\">\n\t\t\t\t\t<div class=\"e-con-inner\">\n\t\t\t\t<div class=\"elementor-element elementor-element-43410205 elementor-widget elementor-widget-heading\" data-id=\"43410205\" data-element_type=\"widget\" data-e-type=\"widget\" data-widget_type=\"heading.default\">\n\t\t\t\t<div class=\"elementor-widget-container\">\n\t\t\t\t\t<h1 class=\"elementor-heading-title elementor-size-default\">Nossos parceiros<\/h1>\t\t\t\t<\/div>\n\t\t\t\t<\/div>\n\t\t\t\t<div class=\"elementor-element elementor-element-d9e60c5 elementor-widget elementor-widget-heading\" data-id=\"d9e60c5\" data-element_type=\"widget\" data-e-type=\"widget\" data-widget_type=\"heading.default\">\n\t\t\t\t<div class=\"elementor-widget-container\">\n\t\t\t\t\t<h2 class=\"elementor-heading-title elementor-size-default\">Distribui\u00e7\u00e3o B2B e B2C para o Mercado Gastron\u00f4mico Brasileiro\n<\/h2>\t\t\t\t<\/div>\n\t\t\t\t<\/div>\n\t\t\t\t<div class=\"elementor-element elementor-element-7488259 elementor-widget elementor-widget-text-editor\" data-id=\"7488259\" data-element_type=\"widget\" data-e-type=\"widget\" data-widget_type=\"text-editor.default\">\n\t\t\t\t<div class=\"elementor-widget-container\">\n\t\t\t\t\t\t\t\t\t<p data-start=\"312\" data-end=\"375\">A Getu Gastro \u00e9 uma empresa brasileira de distribui\u00e7\u00e3o voltada ao mercado gastron\u00f4mico. Conectamos fabricantes internacionais e nacionais a compradores profissionais e consumidores finais em todo o Brasil, por meio de um modelo estruturado de distribui\u00e7\u00e3o B2B, complementado por canais B2C selecionados que fortalecem a visibilidade das marcas, ampliam a penetra\u00e7\u00e3o de mercado e apoiam um crescimento orientado por dados.<\/p>\t\t\t\t\t\t\t\t<\/div>\n\t\t\t\t<\/div>\n\t\t\t\t\t<\/div>\n\t\t\t\t<\/div>\n\t\t<div class=\"elementor-element elementor-element-fc380ff e-con-full e-flex e-con e-child\" data-id=\"fc380ff\" data-element_type=\"container\" data-e-type=\"container\">\n\t\t\t\t<div class=\"elementor-element elementor-element-fd5c279 elementor-widget elementor-widget-heading\" data-id=\"fd5c279\" data-element_type=\"widget\" data-e-type=\"widget\" data-widget_type=\"heading.default\">\n\t\t\t\t<div class=\"elementor-widget-container\">\n\t\t\t\t\t<h2 class=\"elementor-heading-title elementor-size-default\">Nosso Papel no Mercado Brasileiro\n<\/h2>\t\t\t\t<\/div>\n\t\t\t\t<\/div>\n\t\t\t\t<div class=\"elementor-element elementor-element-8f03dd7 elementor-widget elementor-widget-text-editor\" data-id=\"8f03dd7\" data-element_type=\"widget\" data-e-type=\"widget\" data-widget_type=\"text-editor.default\">\n\t\t\t\t<div class=\"elementor-widget-container\">\n\t\t\t\t\t\t\t\t\t<p data-start=\"312\" data-end=\"375\">A Getu Gastro atua como parceira de execu\u00e7\u00e3o comercial e operacional para marcas no mercado brasileiro.<\/p>\t\t\t\t\t\t\t\t<\/div>\n\t\t\t\t<\/div>\n\t\t\t\t<div class=\"elementor-element elementor-element-a3aafb1 elementor-widget elementor-widget-text-editor\" data-id=\"a3aafb1\" data-element_type=\"widget\" data-e-type=\"widget\" data-widget_type=\"text-editor.default\">\n\t\t\t\t<div class=\"elementor-widget-container\">\n\t\t\t\t\t\t\t\t\t<p data-start=\"312\" data-end=\"375\">Nossas responsabilidades incluem:<\/p>\t\t\t\t\t\t\t\t<\/div>\n\t\t\t\t<\/div>\n\t\t\t\t<div class=\"elementor-element elementor-element-4d8e44d elementor-widget elementor-widget-text-editor\" data-id=\"4d8e44d\" data-element_type=\"widget\" data-e-type=\"widget\" data-widget_type=\"text-editor.default\">\n\t\t\t\t<div class=\"elementor-widget-container\">\n\t\t\t\t\t\t\t\t\t<ul><li>Distribui\u00e7\u00e3o B2B para bares, restaurantes, eventos e operadores de hospitalidade<\/li><li>Estrat\u00e9gia de entrada no mercado para fabricantes europeus e internacionais<\/li><li>Coordena\u00e7\u00e3o de importa\u00e7\u00f5es, alinhamento regulat\u00f3rio e conformidade<\/li><li>Distribui\u00e7\u00e3o de produtos fabricados no Brasil para ampliar portf\u00f3lio e participa\u00e7\u00e3o de mercado<\/li><li>Gest\u00e3o de canais B2C selecionados para fortalecer visibilidade de marca e aquisi\u00e7\u00e3o de clientes<\/li><li>Execu\u00e7\u00e3o comercial, onboarding de parceiros e desenvolvimento de marcas no longo prazo<\/li><\/ul>\t\t\t\t\t\t\t\t<\/div>\n\t\t\t\t<\/div>\n\t\t\t\t<div class=\"elementor-element elementor-element-001c90e elementor-widget__width-initial elementor-widget elementor-widget-text-editor\" data-id=\"001c90e\" data-element_type=\"widget\" data-e-type=\"widget\" data-widget_type=\"text-editor.default\">\n\t\t\t\t<div class=\"elementor-widget-container\">\n\t\t\t\t\t\t\t\t\t<p data-start=\"312\" data-end=\"375\">Ao combinar escala B2B com canais B2C estrat\u00e9gicos, a Getu Gastro garante presen\u00e7a de mercado s\u00f3lida, distribui\u00e7\u00e3o eficiente e crescimento sustent\u00e1vel para as marcas que representa.<\/p>\t\t\t\t\t\t\t\t<\/div>\n\t\t\t\t<\/div>\n\t\t\t\t<\/div>\n\t\t<div class=\"elementor-element elementor-element-469cc5e0 e-con-full e-flex e-con e-child\" data-id=\"469cc5e0\" data-element_type=\"container\" data-e-type=\"container\">\n\t\t<div class=\"elementor-element elementor-element-41a3d0a2 e-con-full e-flex e-con e-child\" data-id=\"41a3d0a2\" data-element_type=\"container\" data-e-type=\"container\">\n\t\t<div class=\"elementor-element elementor-element-7dbd52c2 e-con-full e-flex e-con e-child\" data-id=\"7dbd52c2\" data-element_type=\"container\" data-e-type=\"container\" data-settings=\"{&quot;background_background&quot;:&quot;classic&quot;}\">\n\t\t\t\t<div class=\"elementor-element elementor-element-8a46fee elementor-widget-mobile__width-initial elementor-widget elementor-widget-heading\" data-id=\"8a46fee\" data-element_type=\"widget\" data-e-type=\"widget\" data-widget_type=\"heading.default\">\n\t\t\t\t<div class=\"elementor-widget-container\">\n\t\t\t\t\t<h2 class=\"elementor-heading-title elementor-size-default\">Ramdon (Europa)\n\n<\/h2>\t\t\t\t<\/div>\n\t\t\t\t<\/div>\n\t\t\t\t<div class=\"elementor-element elementor-element-360cc324 elementor-widget elementor-widget-heading\" data-id=\"360cc324\" data-element_type=\"widget\" data-e-type=\"widget\" data-widget_type=\"heading.default\">\n\t\t\t\t<div class=\"elementor-widget-container\">\n\t\t\t\t\t<h3 class=\"elementor-heading-title elementor-size-default\">Fabricante Europeu de Cilindros de G\u00e1s para Alimentos e Aplica\u00e7\u00f5es T\u00e9cnicas\n<\/h3>\t\t\t\t<\/div>\n\t\t\t\t<\/div>\n\t\t\t\t<div class=\"elementor-element elementor-element-2f26c5f5 elementor-widget elementor-widget-text-editor\" data-id=\"2f26c5f5\" data-element_type=\"widget\" data-e-type=\"widget\" data-widget_type=\"text-editor.default\">\n\t\t\t\t<div class=\"elementor-widget-container\">\n\t\t\t\t\t\t\t\t\t<p>A Ramdon \u00e9 uma fabricante europeia de cilindros de g\u00e1s certificados para uso alimentar e t\u00e9cnico. Em parceria com a Getu Gastro, viabiliza sua entrada no mercado brasileiro, com coordena\u00e7\u00e3o de importa\u00e7\u00e3o, conformidade regulat\u00f3ria e distribui\u00e7\u00e3o local.<\/p>\t\t\t\t\t\t\t\t<\/div>\n\t\t\t\t<\/div>\n\t\t<div class=\"elementor-element elementor-element-b2de827 e-con-full e-flex e-con e-child\" data-id=\"b2de827\" data-element_type=\"container\" data-e-type=\"container\">\n\t\t\t\t<div class=\"elementor-element elementor-element-16d819d elementor-widget elementor-widget-text-editor\" data-id=\"16d819d\" data-element_type=\"widget\" data-e-type=\"widget\" data-widget_type=\"text-editor.default\">\n\t\t\t\t<div class=\"elementor-widget-container\">\n\t\t\t\t\t\t\t\t\t<p>Nosso valor agregado:<\/p>\t\t\t\t\t\t\t\t<\/div>\n\t\t\t\t<\/div>\n\t\t\t\t<div class=\"elementor-element elementor-element-5dd26a64 elementor-widget elementor-widget-text-editor\" data-id=\"5dd26a64\" data-element_type=\"widget\" data-e-type=\"widget\" data-widget_type=\"text-editor.default\">\n\t\t\t\t<div class=\"elementor-widget-container\">\n\t\t\t\t\t\t\t\t\t<ul><li>Produtos certificados para uso profissional alimentar e t\u00e9cnico<\/li><\/ul>\t\t\t\t\t\t\t\t<\/div>\n\t\t\t\t<\/div>\n\t\t\t\t<div class=\"elementor-element elementor-element-65e08f27 elementor-widget elementor-widget-text-editor\" data-id=\"65e08f27\" data-element_type=\"widget\" data-e-type=\"widget\" data-widget_type=\"text-editor.default\">\n\t\t\t\t<div class=\"elementor-widget-container\">\n\t\t\t\t\t\t\t\t\t<ul><li class=\"p2\">Alto padr\u00e3o europeu de seguran\u00e7a e qualidade<\/li><\/ul>\t\t\t\t\t\t\t\t<\/div>\n\t\t\t\t<\/div>\n\t\t\t\t<div class=\"elementor-element elementor-element-6ae3337e elementor-widget elementor-widget-text-editor\" data-id=\"6ae3337e\" data-element_type=\"widget\" data-e-type=\"widget\" data-widget_type=\"text-editor.default\">\n\t\t\t\t<div class=\"elementor-widget-container\">\n\t\t\t\t\t\t\t\t\t<ul><li class=\"p2\">Estrutura\u00e7\u00e3o de entrada no mercado brasileiro e sul-americano<\/li><\/ul>\t\t\t\t\t\t\t\t<\/div>\n\t\t\t\t<\/div>\n\t\t\t\t<div class=\"elementor-element elementor-element-3e6fb825 elementor-widget elementor-widget-text-editor\" data-id=\"3e6fb825\" data-element_type=\"widget\" data-e-type=\"widget\" data-widget_type=\"text-editor.default\">\n\t\t\t\t<div class=\"elementor-widget-container\">\n\t\t\t\t\t\t\t\t\t<ul><li class=\"p2\">Coordena\u00e7\u00e3o de importa\u00e7\u00e3o, conformidade e distribui\u00e7\u00e3o local<\/li><\/ul>\t\t\t\t\t\t\t\t<\/div>\n\t\t\t\t<\/div>\n\t\t\t\t<div class=\"elementor-element elementor-element-b5b001b elementor-widget elementor-widget-text-editor\" data-id=\"b5b001b\" data-element_type=\"widget\" data-e-type=\"widget\" data-widget_type=\"text-editor.default\">\n\t\t\t\t<div class=\"elementor-widget-container\">\n\t\t\t\t\t\t\t\t\t<ul><li class=\"p2\">Acesso direto aos canais B2B e B2C por meio da Getu Gastro<\/li><\/ul>\t\t\t\t\t\t\t\t<\/div>\n\t\t\t\t<\/div>\n\t\t\t\t<\/div>\n\t\t\t\t<\/div>\n\t\t\t\t<\/div>\n\t\t<div class=\"elementor-element elementor-element-c1308c9 e-con-full e-flex e-con e-child\" data-id=\"c1308c9\" data-element_type=\"container\" data-e-type=\"container\">\n\t\t\t\t<\/div>\n\t\t<div class=\"elementor-element elementor-element-7819517b e-con-full e-flex e-con e-child\" data-id=\"7819517b\" data-element_type=\"container\" data-e-type=\"container\">\n\t\t\t\t<\/div>\n\t\t\t\t<\/div>\n\t\t\t\t<\/div>\n\t\t\t\t\t<\/div>\n\t\t\t\t<\/div>\n\t\t\t\t<\/div>","protected":false},"excerpt":{"rendered":"<p>Nossos parceiros Distribui\u00e7\u00e3o B2B e B2C para o Mercado Gastron\u00f4mico Brasileiro A Getu Gastro \u00e9 uma empresa brasileira de distribui\u00e7\u00e3o voltada ao mercado gastron\u00f4mico. Conectamos fabricantes internacionais e nacionais a compradores profissionais e consumidores finais em todo o Brasil, por meio de um modelo estruturado de distribui\u00e7\u00e3o B2B, complementado por canais B2C selecionados que fortalecem [&hellip;]<\/p>\n","protected":false},"author":1,"featured_media":0,"parent":0,"menu_order":0,"comment_status":"closed","ping_status":"closed","template":"","meta":{"_joinchat":[],"footnotes":""},"class_list":["post-431","page","type-page","status-publish","hentry"],"yoast_head":"<!-- This site is optimized with the Yoast SEO Premium plugin v26.9 (Yoast SEO v26.9) - https:\/\/yoast.com\/product\/yoast-seo-premium-wordpress\/ -->\n<title>Parceiros - Importa\u00e7\u00e3o de Marcas Europeias para o Brasil | Getu Gastro<\/title>\n<meta name=\"robots\" content=\"index, follow, max-snippet:-1, max-image-preview:large, max-video-preview:-1\" \/>\n<link rel=\"canonical\" href=\"https:\/\/getugastro.com.br\/en\/parceiros\/\" \/>\n<meta property=\"og:locale\" content=\"en_GB\" \/>\n<meta property=\"og:type\" content=\"article\" \/>\n<meta property=\"og:title\" content=\"Parceiros\" \/>\n<meta property=\"og:description\" content=\"Nossos parceiros Distribui\u00e7\u00e3o B2B e B2C para o Mercado Gastron\u00f4mico Brasileiro A Getu Gastro \u00e9 uma empresa brasileira de distribui\u00e7\u00e3o voltada ao mercado gastron\u00f4mico. Conectamos fabricantes internacionais e nacionais a compradores profissionais e consumidores finais em todo o Brasil, por meio de um modelo estruturado de distribui\u00e7\u00e3o B2B, complementado por canais B2C selecionados que fortalecem [&hellip;]\" \/>\n<meta property=\"og:url\" content=\"https:\/\/getugastro.com.br\/en\/parceiros\/\" \/>\n<meta property=\"og:site_name\" content=\"Importa\u00e7\u00e3o de Marcas Europeias para o Brasil | Getu Gastro\" \/>\n<meta property=\"article:modified_time\" content=\"2026-01-26T20:09:25+00:00\" \/>\n<meta name=\"twitter:card\" content=\"summary_large_image\" \/>\n<meta name=\"twitter:label1\" content=\"Estimated reading time\" \/>\n\t<meta name=\"twitter:data1\" content=\"2 minutes\" \/>\n<script type=\"application\/ld+json\" class=\"yoast-schema-graph\">{\"@context\":\"https:\/\/schema.org\",\"@graph\":[{\"@type\":\"WebPage\",\"@id\":\"https:\/\/getugastro.com.br\/parceiros\/\",\"url\":\"https:\/\/getugastro.com.br\/parceiros\/\",\"name\":\"Parceiros - Importa\u00e7\u00e3o de Marcas Europeias para o Brasil | Getu Gastro\",\"isPartOf\":{\"@id\":\"https:\/\/getugastro.com.br\/#website\"},\"datePublished\":\"2025-04-25T15:24:28+00:00\",\"dateModified\":\"2026-01-26T20:09:25+00:00\",\"breadcrumb\":{\"@id\":\"https:\/\/getugastro.com.br\/parceiros\/#breadcrumb\"},\"inLanguage\":\"en-GB\",\"potentialAction\":[{\"@type\":\"ReadAction\",\"target\":[\"https:\/\/getugastro.com.br\/parceiros\/\"]}]},{\"@type\":\"BreadcrumbList\",\"@id\":\"https:\/\/getugastro.com.br\/parceiros\/#breadcrumb\",\"itemListElement\":[{\"@type\":\"ListItem\",\"position\":1,\"name\":\"Home\",\"item\":\"https:\/\/getugastro.com.br\/\"},{\"@type\":\"ListItem\",\"position\":2,\"name\":\"Parceiros\"}]},{\"@type\":\"WebSite\",\"@id\":\"https:\/\/getugastro.com.br\/#website\",\"url\":\"https:\/\/getugastro.com.br\/\",\"name\":\"Importa\u00e7\u00e3o de Marcas Europeias para o Brasil | Getu Gastro\",\"description\":\"A Getu Gastro conecta marcas europeias ao mercado B2B brasileiro. Cuidamos da importa\u00e7\u00e3o, log\u00edstica e distribui\u00e7\u00e3o de produtos exclusivos sem burocracia.\",\"publisher\":{\"@id\":\"https:\/\/getugastro.com.br\/#organization\"},\"potentialAction\":[{\"@type\":\"SearchAction\",\"target\":{\"@type\":\"EntryPoint\",\"urlTemplate\":\"https:\/\/getugastro.com.br\/?s={search_term_string}\"},\"query-input\":{\"@type\":\"PropertyValueSpecification\",\"valueRequired\":true,\"valueName\":\"search_term_string\"}}],\"inLanguage\":\"en-GB\"},{\"@type\":\"Organization\",\"@id\":\"https:\/\/getugastro.com.br\/#organization\",\"name\":\"Importa\u00e7\u00e3o de Marcas Europeias para o Brasil | Getu Gastro\",\"url\":\"https:\/\/getugastro.com.br\/\",\"logo\":{\"@type\":\"ImageObject\",\"inLanguage\":\"en-GB\",\"@id\":\"https:\/\/getugastro.com.br\/#\/schema\/logo\/image\/\",\"url\":\"https:\/\/getugastro.com.br\/wp-content\/uploads\/2025\/04\/getu-logo-black.webp\",\"contentUrl\":\"https:\/\/getugastro.com.br\/wp-content\/uploads\/2025\/04\/getu-logo-black.webp\",\"width\":800,\"height\":200,\"caption\":\"Importa\u00e7\u00e3o de Marcas Europeias para o Brasil | Getu Gastro\"},\"image\":{\"@id\":\"https:\/\/getugastro.com.br\/#\/schema\/logo\/image\/\"},\"sameAs\":[\"https:\/\/www.linkedin.com\/company\/getu-gastro-ltda\/\",\"https:\/\/www.instagram.com\/getugastro.ltda\"]}]}<\/script>\n<!-- \/ Yoast SEO Premium plugin. -->","yoast_head_json":{"title":"Parceiros - Importa\u00e7\u00e3o de Marcas Europeias para o Brasil | Getu Gastro","robots":{"index":"index","follow":"follow","max-snippet":"max-snippet:-1","max-image-preview":"max-image-preview:large","max-video-preview":"max-video-preview:-1"},"canonical":"https:\/\/getugastro.com.br\/en\/parceiros\/","og_locale":"en_GB","og_type":"article","og_title":"Parceiros","og_description":"Nossos parceiros Distribui\u00e7\u00e3o B2B e B2C para o Mercado Gastron\u00f4mico Brasileiro A Getu Gastro \u00e9 uma empresa brasileira de distribui\u00e7\u00e3o voltada ao mercado gastron\u00f4mico. Conectamos fabricantes internacionais e nacionais a compradores profissionais e consumidores finais em todo o Brasil, por meio de um modelo estruturado de distribui\u00e7\u00e3o B2B, complementado por canais B2C selecionados que fortalecem [&hellip;]","og_url":"https:\/\/getugastro.com.br\/en\/parceiros\/","og_site_name":"Importa\u00e7\u00e3o de Marcas Europeias para o Brasil | Getu Gastro","article_modified_time":"2026-01-26T20:09:25+00:00","twitter_card":"summary_large_image","twitter_misc":{"Estimated reading time":"2 minutes"},"schema":{"@context":"https:\/\/schema.org","@graph":[{"@type":"WebPage","@id":"https:\/\/getugastro.com.br\/parceiros\/","url":"https:\/\/getugastro.com.br\/parceiros\/","name":"Parceiros - Importa\u00e7\u00e3o de Marcas Europeias para o Brasil | Getu Gastro","isPartOf":{"@id":"https:\/\/getugastro.com.br\/#website"},"datePublished":"2025-04-25T15:24:28+00:00","dateModified":"2026-01-26T20:09:25+00:00","breadcrumb":{"@id":"https:\/\/getugastro.com.br\/parceiros\/#breadcrumb"},"inLanguage":"en-GB","potentialAction":[{"@type":"ReadAction","target":["https:\/\/getugastro.com.br\/parceiros\/"]}]},{"@type":"BreadcrumbList","@id":"https:\/\/getugastro.com.br\/parceiros\/#breadcrumb","itemListElement":[{"@type":"ListItem","position":1,"name":"Home","item":"https:\/\/getugastro.com.br\/"},{"@type":"ListItem","position":2,"name":"Parceiros"}]},{"@type":"WebSite","@id":"https:\/\/getugastro.com.br\/#website","url":"https:\/\/getugastro.com.br\/","name":"Importa\u00e7\u00e3o de Marcas Europeias para o Brasil | Getu Gastro","description":"A Getu Gastro conecta marcas europeias ao mercado B2B brasileiro. Cuidamos da importa\u00e7\u00e3o, log\u00edstica e distribui\u00e7\u00e3o de produtos exclusivos sem burocracia.","publisher":{"@id":"https:\/\/getugastro.com.br\/#organization"},"potentialAction":[{"@type":"SearchAction","target":{"@type":"EntryPoint","urlTemplate":"https:\/\/getugastro.com.br\/?s={search_term_string}"},"query-input":{"@type":"PropertyValueSpecification","valueRequired":true,"valueName":"search_term_string"}}],"inLanguage":"en-GB"},{"@type":"Organization","@id":"https:\/\/getugastro.com.br\/#organization","name":"Importa\u00e7\u00e3o de Marcas Europeias para o Brasil | Getu Gastro","url":"https:\/\/getugastro.com.br\/","logo":{"@type":"ImageObject","inLanguage":"en-GB","@id":"https:\/\/getugastro.com.br\/#\/schema\/logo\/image\/","url":"https:\/\/getugastro.com.br\/wp-content\/uploads\/2025\/04\/getu-logo-black.webp","contentUrl":"https:\/\/getugastro.com.br\/wp-content\/uploads\/2025\/04\/getu-logo-black.webp","width":800,"height":200,"caption":"Importa\u00e7\u00e3o de Marcas Europeias para o Brasil | Getu Gastro"},"image":{"@id":"https:\/\/getugastro.com.br\/#\/schema\/logo\/image\/"},"sameAs":["https:\/\/www.linkedin.com\/company\/getu-gastro-ltda\/","https:\/\/www.instagram.com\/getugastro.ltda"]}]}},"_links":{"self":[{"href":"https:\/\/getugastro.com.br\/en\/wp-json\/wp\/v2\/pages\/431","targetHints":{"allow":["GET"]}}],"collection":[{"href":"https:\/\/getugastro.com.br\/en\/wp-json\/wp\/v2\/pages"}],"about":[{"href":"https:\/\/getugastro.com.br\/en\/wp-json\/wp\/v2\/types\/page"}],"author":[{"embeddable":true,"href":"https:\/\/getugastro.com.br\/en\/wp-json\/wp\/v2\/users\/1"}],"replies":[{"embeddable":true,"href":"https:\/\/getugastro.com.br\/en\/wp-json\/wp\/v2\/comments?post=431"}],"version-history":[{"count":32,"href":"https:\/\/getugastro.com.br\/en\/wp-json\/wp\/v2\/pages\/431\/revisions"}],"predecessor-version":[{"id":1105,"href":"https:\/\/getugastro.com.br\/en\/wp-json\/wp\/v2\/pages\/431\/revisions\/1105"}],"wp:attachment":[{"href":"https:\/\/getugastro.com.br\/en\/wp-json\/wp\/v2\/media?parent=431"}],"curies":[{"name":"wp","href":"https:\/\/api.w.org\/{rel}","templated":true}]}}